{"id":98,"date":"2025-11-22T13:37:07","date_gmt":"2025-11-22T12:37:07","guid":{"rendered":"https:\/\/ridice.eu\/?page_id=98"},"modified":"2026-02-23T15:58:47","modified_gmt":"2026-02-23T14:58:47","slug":"gestione","status":"publish","type":"page","link":"https:\/\/mgdclsvt.site\/?page_id=98","title":{"rendered":"Gestione"},"content":{"rendered":"\n<p>La gestione documentale, intesa in senso lato, \u00e8 un processo che pu\u00f2 essere suddiviso in tre fasi principali: <strong>formazione<\/strong>, <strong>gestione<\/strong> e <strong>conservazione<\/strong>. Nell\u2019ambito di ognuna delle suddette fasi si svolgono una serie di attivit\u00e0 che si distinguono per complessit\u00e0, impatto, natura, finalit\u00e0 e\/o effetto, anche giuridico, alle quali corrispondono approcci metodologici e prassi operative distinte <sup>(<a href=\"https:\/\/www.agid.gov.it\/sites\/default\/files\/repository_files\/linee_guida_sul_documento_informatico.pdf#page=10\" data-type=\"URL\" data-id=\"https:\/\/www.agid.gov.it\/sites\/default\/files\/repository_files\/linee_guida_sul_documento_informatico.pdf#page=10\" target=\"_blank\" rel=\"noreferrer noopener\">1<\/a>)<\/sup>.<\/p>\n\n\n\n<p>La gestione, in senso specifico, \u00e8 la fase che interessa il documento gi\u00e0 formato e che comprende tutte e attivit\u00e0 che precedono la fase di &#8220;riposo&#8221;, ossia di conservazione.<\/p>\n\n\n\n<div style=\"height:40px\" aria-hidden=\"true\" class=\"wp-block-spacer\"><\/div>\n\n\n\n<figure class=\"wp-block-image size-full is-resized is-style-default\"><img loading=\"lazy\" decoding=\"async\" width=\"714\" height=\"512\" src=\"https:\/\/ridice.eu\/wp-content\/uploads\/2022\/09\/ciclo_documentale.png\" alt=\"\" class=\"wp-image-4444\" style=\"width:869px;height:623px\" srcset=\"https:\/\/mgdclsvt.site\/wp-content\/uploads\/2022\/09\/ciclo_documentale.png 714w, https:\/\/mgdclsvt.site\/wp-content\/uploads\/2022\/09\/ciclo_documentale-300x215.png 300w\" sizes=\"auto, (max-width: 714px) 100vw, 714px\" \/><\/figure>\n\n\n\n<div style=\"height:100px\" aria-hidden=\"true\" class=\"wp-block-spacer\"><\/div>\n\n\n<div\n\t\t\t\n\t\t\tclass=\"so-widget-sow-accordion so-widget-sow-accordion-default-0cbe2f692174\"\n\t\t\t\n\t\t><div>\n\t<div class=\"sow-accordion\">\n\t\t\t<div class=\"sow-accordion-panel\n\t\t\t\t\"\n\t\t\tdata-anchor-id=\"riferimenti-normativi\">\n\t\t\t\t<div class=\"sow-accordion-panel-header-container\" role=\"heading\" aria-level=\"2\">\n\t\t\t\t\t<div class=\"sow-accordion-panel-header\" tabindex=\"0\" role=\"button\" id=\"accordion-label-riferimenti-normativi\" aria-controls=\"accordion-content-riferimenti-normativi\" aria-expanded=\"false\">\n\t\t\t\t\t\t<div class=\"sow-accordion-title sow-accordion-title-icon-left\">\n\t\t\t\t\t\t\t\t\t\t\t\t\t\tRiferimenti normativi\t\t\t\t\t\t\t\t\t\t\t\t\t<\/div>\n\t\t\t\t\t\t<div class=\"sow-accordion-open-close-button\">\n\t\t\t\t\t\t\t<div class=\"sow-accordion-open-button\">\n\t\t\t\t\t\t\t\t<span class=\"sow-icon-ionicons\" data-sow-icon=\"&#xf218;\"\n\t\t \n\t\taria-hidden=\"true\"><\/span>\t\t\t\t\t\t\t<\/div>\n\t\t\t\t\t\t\t<div class=\"sow-accordion-close-button\">\n\t\t\t\t\t\t\t\t<span class=\"sow-icon-ionicons\" data-sow-icon=\"&#xf209;\"\n\t\t \n\t\taria-hidden=\"true\"><\/span>\t\t\t\t\t\t\t<\/div>\n\t\t\t\t\t\t<\/div>\n\t\t\t\t\t<\/div>\n\t\t\t\t<\/div>\n\n\t\t\t<div\n\t\t\t\tclass=\"sow-accordion-panel-content\"\n\t\t\t\trole=\"region\"\n\t\t\t\taria-labelledby=\"accordion-label-riferimenti-normativi\"\n\t\t\t\tid=\"accordion-content-riferimenti-normativi\"\n\t\t\t\tstyle=\"display: none;\"\t\t\t>\n\t\t\t\t<div class=\"sow-accordion-panel-border\">\n\t\t\t\t\t<p>(1) <a href=\"https:\/\/www.agid.gov.it\/sites\/default\/files\/repository_files\/linee_guida_sul_documento_informatico.pdf#page=10\" target=\"_blank\" rel=\"noopener\">paragrafo 1.11 delle Linee guida AgID sulla formazione, gestione e conservazione dei documenti informatici<\/a><\/p>\n\t\t\t\t<\/div>\n\t\t\t<\/div>\n\t\t<\/div>\n\t\t<\/div>\n<\/div>\n<\/div>\t\t\t\t<style type=\"text\/css\">.so-widget-sow-accordion-default-0cbe2f692174 .sow-accordion .sow-accordion-panel {\n  margin-bottom: 10px;\n}\n.so-widget-sow-accordion-default-0cbe2f692174 .sow-accordion .sow-accordion-panel .sow-accordion-panel-header {\n  align-items: center;\n  background-color: #828282;\n  \n  color: #ffffff;\n  cursor: pointer;\n  display: flex;\n  \n  \n  \n  padding: 15px 30px 15px 30px;\n  position: relative;\n  \n  flex-direction: row;\n}\n.so-widget-sow-accordion-default-0cbe2f692174 .sow-accordion .sow-accordion-panel .sow-accordion-panel-header:focus,\n.so-widget-sow-accordion-default-0cbe2f692174 .sow-accordion .sow-accordion-panel .sow-accordion-panel-header:hover {\n  background-color: #8c8c8c;\n  \n}\n.so-widget-sow-accordion-default-0cbe2f692174 .sow-accordion .sow-accordion-panel .sow-accordion-panel-header .sow-accordion-title {\n  display: flex;\n  align-items: center;\n  width: 100%;\n}\n.so-widget-sow-accordion-default-0cbe2f692174 .sow-accordion .sow-accordion-panel .sow-accordion-panel-header .sow-accordion-open-close-button {\n  line-height: 0;\n}\n.so-widget-sow-accordion-default-0cbe2f692174 .sow-accordion .sow-accordion-panel .sow-accordion-panel-header .sow-accordion-icon-image {\n  max-height: 1em;\n}\n.so-widget-sow-accordion-default-0cbe2f692174 .sow-accordion .sow-accordion-panel .sow-accordion-panel-header .sow-accordion-icon-image:not(.sow-accordion-icon-image-custom),\n.so-widget-sow-accordion-default-0cbe2f692174 .sow-accordion .sow-accordion-panel .sow-accordion-panel-header .sow-accordion-icon-image:not([width]),\n.so-widget-sow-accordion-default-0cbe2f692174 .sow-accordion .sow-accordion-panel .sow-accordion-panel-header .sow-accordion-icon-image:not([width]) {\n  \n  width: auto;\n}\n.so-widget-sow-accordion-default-0cbe2f692174 .sow-accordion .sow-accordion-panel .sow-accordion-panel-header .sow-accordion-title-icon-left > .sow-accordion-icon-image,\n.so-widget-sow-accordion-default-0cbe2f692174 .sow-accordion .sow-accordion-panel .sow-accordion-panel-header .sow-accordion-title-icon-left > span[data-sow-icon] {\n  margin-right: 5px;\n}\n.so-widget-sow-accordion-default-0cbe2f692174 .sow-accordion .sow-accordion-panel .sow-accordion-panel-header .sow-accordion-title-icon-right > .sow-accordion-icon-image,\n.so-widget-sow-accordion-default-0cbe2f692174 .sow-accordion .sow-accordion-panel .sow-accordion-panel-header .sow-accordion-title-icon-right > span[data-sow-icon] {\n  margin-left: 5px;\n}\n.so-widget-sow-accordion-default-0cbe2f692174 .sow-accordion .sow-accordion-panel:not(.sow-accordion-panel-open) > .sow-accordion-panel-header-container > .sow-accordion-panel-header .sow-accordion-close-button {\n  display: none;\n}\n.so-widget-sow-accordion-default-0cbe2f692174 .sow-accordion .sow-accordion-panel.sow-accordion-panel-open > .sow-accordion-panel-header-container > .sow-accordion-panel-header .sow-accordion-open-button {\n  display: none;\n}\n.so-widget-sow-accordion-default-0cbe2f692174 .sow-accordion .sow-accordion-panel .sow-accordion-panel-content .sow-accordion-panel-border {\n  background-color: #f9f9f9;\n  \n  \n  \n  \n  overflow: auto;\n  padding: 15px 30px 15px 30px;\n}\n@media print {\n  .so-widget-sow-accordion-default-0cbe2f692174 .sow-accordion .sow-accordion-panel .sow-accordion-open-close-button {\n    display: none;\n  }\n  .so-widget-sow-accordion-default-0cbe2f692174 .sow-accordion .sow-accordion-panel .sow-accordion-panel-content {\n    display: block !important;\n  }\n}<\/style>\n\t\t\t\t","protected":false},"excerpt":{"rendered":"<p>La gestione documentale, intesa in senso lato, \u00e8 un processo che pu\u00f2 essere suddiviso in tre fasi principali: formazione, gestione e conservazione. Nell\u2019ambito di ognuna &#8230; <\/p>\n","protected":false},"author":1,"featured_media":0,"parent":0,"menu_order":35,"comment_status":"closed","ping_status":"closed","template":"page-fullwidth.php","meta":{"footnotes":""},"class_list":["post-98","page","type-page","status-publish","hentry"],"_links":{"self":[{"href":"https:\/\/mgdclsvt.site\/index.php?rest_route=\/wp\/v2\/pages\/98","targetHints":{"allow":["GET"]}}],"collection":[{"href":"https:\/\/mgdclsvt.site\/index.php?rest_route=\/wp\/v2\/pages"}],"about":[{"href":"https:\/\/mgdclsvt.site\/index.php?rest_route=\/wp\/v2\/types\/page"}],"author":[{"embeddable":true,"href":"https:\/\/mgdclsvt.site\/index.php?rest_route=\/wp\/v2\/users\/1"}],"replies":[{"embeddable":true,"href":"https:\/\/mgdclsvt.site\/index.php?rest_route=%2Fwp%2Fv2%2Fcomments&post=98"}],"version-history":[{"count":2,"href":"https:\/\/mgdclsvt.site\/index.php?rest_route=\/wp\/v2\/pages\/98\/revisions"}],"predecessor-version":[{"id":5614,"href":"https:\/\/mgdclsvt.site\/index.php?rest_route=\/wp\/v2\/pages\/98\/revisions\/5614"}],"wp:attachment":[{"href":"https:\/\/mgdclsvt.site\/index.php?rest_route=%2Fwp%2Fv2%2Fmedia&parent=98"}],"curies":[{"name":"wp","href":"https:\/\/api.w.org\/{rel}","templated":true}]}}